{"id":5,"date":"2019-07-04T14:23:38","date_gmt":"2019-07-04T12:23:38","guid":{"rendered":"https:\/\/www.arthotel-bremen.de\/?page_id=5"},"modified":"2021-12-20T15:12:01","modified_gmt":"2021-12-20T14:12:01","slug":"homepage","status":"publish","type":"page","link":"https:\/\/www.design-apartments-bremen.de\/en\/","title":{"rendered":"Homepage"},"content":{"rendered":"<div style=\"height:50px\" aria-hidden=\"true\" class=\"wp-block-spacer\"><\/div>\n\n\n\n\n\n<\/p>\n\n\n\n<div id=\"booknow\" style=\"position:relative;padding-bottom: 130px;\"><div style=\"position:absolute;width:100%;z-index: 100;\"><iframe loading=\"lazy\" src=\"https:\/\/www.dhob.de\/bhash=h5ba5o11631782695-ch_l=2\" width=\"100%\" height=\"100%\" name=\"bookingbox\" scrolling=\"no\" marginheight=\"0\" marginwidth=\"0\" frameborder=\"0\" style=\"min-height: 550px;\"><\/iframe><\/div><\/div>\n\n\n<p>\n\n\n\n<div style=\"height:312px\" aria-hidden=\"true\" class=\"wp-block-spacer service-icons\"><\/div>\n\n\n\n<p class=\"bf-block-padding\" style=\"font-size:25px\">Design Apartments Bremen <\/p>\n\n\n\n<div style=\"height:47px\" aria-hidden=\"true\" class=\"wp-block-spacer\"><\/div>\n\n\n\n<p>Located within the artHotel Bremen, the Design Apartments Bremen can be found on the outskirts of Bremen. Plenty of shopping opportunities exist nearby and a quick trip with the tram allows reaching the city center or the exhibition center within 10 minutes.<\/p>\n\n\n\n<p>The apartments are not solely an option for short stays, but also offer whatever you need for long stays.<\/p>\n\n\n\n<p>Currently we have 14 apartments in total, located on five different floors.<\/p>\n\n\n\n<p>Check-in starts from 2 p.m. \/ Check-out is until 11 a.m.<\/p>\n\n\n\n<p>At our Design Apartments Bremen we guarantee you the best value for your money and ensure the cheapest available price if booked through our own site.<\/p>\n\n\n\n<p>Our Design Apartments Bremen is part of the Hotelgruppe Kelber Bremen, a group consisting of six hotels in Bremen \u2013 with its main hotel being the artHotel Bremen.<\/p>\n\n\n\n<p>If further questions remain, or you have a special request, please don\u2019t hesitate to contact us, so that the best possible stay for you can be provided.<\/p>\n\n\n\n<p>Note: If you intend to stay long term, please make sure to contact us via mail or phone beforehand, so that rates can be arranged and adjusted accordingly.<\/p>\n\n\n\n<p><em> <\/em><\/p>\n\n\n\n<div style=\"padding:20px; background-color: rgba(0,0,0,.5); background-position: center center; background-image: url(https:\/\/www.design-apartments-bremen.de\/wp-content\/uploads\/2021\/09\/slider2.jpg);\"><iframe loading=\"lazy\" src=\"https:\/\/www.dhob.de\/bwhash=dab45zz71vb13tz8\" width=\"190\" height=\"316\" name=\"bewertungsbox\" scrolling=\"no\" marginheight=\"0\" marginwidth=\"0\" frameborder=\"0\"><\/iframe><\/div>\n\n\n\n<div style=\"height:70px\" aria-hidden=\"true\" class=\"wp-block-spacer\"><\/div>","protected":false},"excerpt":{"rendered":"<p>Design Apartments Bremen In entspannter Stadtrandlage befinden sich unsere Design Apartments mitten im Stadtteil Hastedt, der Ihnen trotz Ruhe auch stets Einkaufsm\u00f6glichkeiten in n\u00e4chster N\u00e4he und einen schnellen Weg in &#8230; <\/p>\n<div class=\"text-center\"><a class=\"more-link\" href=\"https:\/\/www.design-apartments-bremen.de\/en\/\">Mehr erfahren <i class=\"fa fa-angle-double-right\"><\/i><\/a><\/div>","protected":false},"author":1,"featured_media":0,"parent":0,"menu_order":0,"comment_status":"closed","ping_status":"closed","template":"template-homepage.php","meta":[],"_links":{"self":[{"href":"https:\/\/www.design-apartments-bremen.de\/en\/wp-json\/wp\/v2\/pages\/5"}],"collection":[{"href":"https:\/\/www.design-apartments-bremen.de\/en\/wp-json\/wp\/v2\/pages"}],"about":[{"href":"https:\/\/www.design-apartments-bremen.de\/en\/wp-json\/wp\/v2\/types\/page"}],"author":[{"embeddable":true,"href":"https:\/\/www.design-apartments-bremen.de\/en\/wp-json\/wp\/v2\/users\/1"}],"replies":[{"embeddable":true,"href":"https:\/\/www.design-apartments-bremen.de\/en\/wp-json\/wp\/v2\/comments?post=5"}],"version-history":[{"count":48,"href":"https:\/\/www.design-apartments-bremen.de\/en\/wp-json\/wp\/v2\/pages\/5\/revisions"}],"predecessor-version":[{"id":1010,"href":"https:\/\/www.design-apartments-bremen.de\/en\/wp-json\/wp\/v2\/pages\/5\/revisions\/1010"}],"wp:attachment":[{"href":"https:\/\/www.design-apartments-bremen.de\/en\/wp-json\/wp\/v2\/media?parent=5"}],"curies":[{"name":"wp","href":"https:\/\/api.w.org\/{rel}","templated":true}]}}