{"id":32,"date":"2019-07-04T15:41:27","date_gmt":"2019-07-04T13:41:27","guid":{"rendered":"https:\/\/www.arthotel-bremen.de\/?page_id=32"},"modified":"2021-06-16T13:20:09","modified_gmt":"2021-06-16T11:20:09","slug":"rooms-i","status":"publish","type":"page","link":"https:\/\/www.design-apartments-bremen.de\/en\/rooms-i\/","title":{"rendered":"Our rooms"},"content":{"rendered":"<p>Ob Sie ein Einzelzimmer, ein Doppelzimmer, ein Doppelzimmer mit Twinbett, eine Juniorsuite, ein Dreibettzimmer oder ein Mehrbettzimmer f\u00fcr Familien suchen \u2013 im artHotel Bremen finden Sie alles, <strong>Kunst<\/strong> <strong>und Komfort <\/strong>inklusive!<\/p>\n\n\n\n<p><strong>Unsere Zimmerkategorien:<\/strong><br><br><strong>Budget Einzelzimmer &#8211; die g\u00fcnstige Alternative<\/strong><br>Das  Budget Einzelzimmer ist in warmen Farben gestaltet. In dem kleinen, aber funktionellen  Badezimmer befindet sich eine Dusche.<br>Zimmereigenschaften:<\/p>\n\n\n\n<ul><li><strong>Stil \/ Einrichtung<\/strong> : Modern<\/li><li><strong>Beds<\/strong> : Einzelbett 90 x 200 cm<\/li><li><strong>Ausgelegt f\u00fcr<\/strong> : 1 Erwachsener<\/li><li><strong>Bathrooms<\/strong> : Dusche, WC, F\u00f6n, Shampoo, Duschbad<\/li><li><strong>Haustiere erlaubt<\/strong> : Ja<\/li><li><strong>kostenfreies Wlan<\/strong><\/li><li><strong>kostenfreier Parkplatz<\/strong><\/li><\/ul>\n\n\n<p><strong data-rich-text-format-boundary=\"true\">Budget Doppelzimmer &#8211; die g\u00fcnstige Alternative<\/strong><br data-rich-text-line-break=\"true\">Das Budget Doppelzimmer ist in warmen Farben gestaltet. In dem kleinen, aber funktionellen Badezimmer befindet sich eine Dusche.<br data-rich-text-line-break=\"true\">Zimmereigenschaften:<br><!--StartFragment--><\/p>\n\n\n<ul><li><strong>Stil \/ Einrichtung<\/strong> : Modern<\/li><li><strong>Beds<\/strong> : Doppelbett 180 x 200 cm<\/li><li><strong>Ausgelegt f\u00fcr<\/strong> : 2 Erwachsene<\/li><li><strong>Babybett m\u00f6glich<\/strong> : ja<\/li><li><strong>Bathrooms<\/strong> : Dusche, WC, F\u00f6n, Shampoo, Duschbad<\/li><li><strong>Haustiere erlaubt<\/strong> : Ja<\/li><li><strong>kostenfreies Wlan<\/strong><\/li><li><strong>kostenfreier Parkplatz<\/strong> <\/li><\/ul>\n\n\n<p><!--EndFragment--><strong data-rich-text-format-boundary=\"true\"> Comfort Rooms<\/strong><br data-rich-text-line-break=\"true\">Das Komfortzimmer bietet 30 &#8211; 40 m\u00b2 Zimmerfl\u00e4che und ist stilvoll mit warmen Farben dekoriert. Sie haben die M\u00f6glichkeit zum Tee- und Kaffeekochen auf dem Zimmer. Einige Komfortzimmer haben Rolll\u00e4den an den Fenstern, einige verf\u00fcgen \u00fcber eine Terrasse. Die Komfortzimmer im artHotel Bremen sind ruhig gelegen. Zum Teil sind diese Zimmer barrierefrei.<br data-rich-text-line-break=\"true\">Zimmereigenschaften:<\/p>\n\n\n<ul><li><strong>Stil \/ Einrichtung<\/strong> : Modern<\/li><li><strong>Beds<\/strong> : Doppelbett 180 x 200 cm<\/li><li><strong>Ausgelegt f\u00fcr<\/strong> : 2 Erwachsene<\/li><li><strong>Zimmergr\u00f6\u00dfe<\/strong> : 30 &#8211; 40 m\u00b2<\/li><li><strong>Babybett m\u00f6glich<\/strong> : ja<\/li><li><strong>Barrierefrei<\/strong> : teilweise<\/li><li><strong>Bathrooms<\/strong> : Dusche oder Badewanne, WC, F\u00f6n, Shampoo, Duschbad<\/li><li><strong>Haustiere erlaubt<\/strong> : Ja<\/li><li><strong>kostenfreies Wlan<\/strong><\/li><li><strong>kostenfreier Parkplatz<\/strong> <\/li><\/ul>\n\n\n<p><!--EndFragment--><strong data-rich-text-format-boundary=\"true\"> Wohlf\u00fchlzimmer<\/strong><br data-rich-text-line-break=\"true\">Das Wohlf\u00fchlzimmer bietet 40 m\u00b2 Zimmerfl\u00e4che. Hier ist Kunst keine Dekoration, sondern Konzept! In neuen, k\u00fcnstlerisch gestaltet und hochwertig ausgestatteten Zimmern mit Boxspringbetten wird Ihr Aufenthalt zu einem einzigARTigen Kunsterlebnis!<br>Zimmereigenschaften:<\/p>\n\n\n<ul><li><strong>Stil \/ Einrichtung<\/strong> : Modern<\/li><li><strong>Beds<\/strong> : Doppelbett 180 x 200 cm<\/li><li><strong>Ausgelegt f\u00fcr<\/strong> : 2 Erwachsene<\/li><li><strong>Zimmergr\u00f6\u00dfe<\/strong> : 40 m\u00b2<\/li><li><strong>Babybett m\u00f6glich<\/strong> : ja<\/li><li><strong>Bathrooms<\/strong> : Dusche oder Badewanne, WC, F\u00f6n, Shampoo, Duschbad<\/li><li><strong>Haustiere erlaubt<\/strong> : Ja<\/li><li><strong>kostenfreies Wlan<\/strong><\/li><li><strong>kostenfreier Parkplatz<\/strong> <\/li><\/ul>\n\n\n<p><!--EndFragment--><strong data-rich-text-format-boundary=\"true\"> Doppelzimmer mit getrennten Betten \/ TWIN Zimmer<\/strong><br data-rich-text-line-break=\"true\">Die Doppelzimmer mit getrennten Betten \/ TWIN Zimmer bietet 40 m\u00b2 Zimmerfl\u00e4che. Hier ist Kunst keine Dekoration, sondern Konzept! In neuen, k\u00fcnstlerisch gestaltet und hochwertig ausgestatteten Zimmern mit Boxspringbetten wird Ihr Aufenthalt zu einem einzigARTigen Kunsterlebnis!<br>Zimmereigenschaften:<\/p>\n\n\n<ul><li><strong>Stil \/ Einrichtung<\/strong> : Modern<\/li><li><strong>Beds<\/strong> : 2 Einzelbetten 90 x 200 cm<\/li><li><strong>Ausgelegt f\u00fcr<\/strong> : 2 Erwachsene<\/li><li><strong>Zimmergr\u00f6\u00dfe<\/strong> : 40 m\u00b2<\/li><li><strong>Babybett m\u00f6glich<\/strong> : ja<\/li><li><strong>Bathrooms<\/strong> : Dusche, WC, F\u00f6n, Shampoo, Duschbad<\/li><li><strong>Haustiere erlaubt<\/strong> : Ja<\/li><li><strong>kostenfreies Wlan<\/strong><\/li><li><strong>kostenfreier Parkplatz<\/strong> <\/li><\/ul>\n\n\n<p><!--EndFragment--><strong data-rich-text-format-boundary=\"true\"> Juniorsuite<\/strong><br data-rich-text-line-break=\"true\">Die Juniorsuite bietet 60 m\u00b2 Zimmerfl\u00e4che. Die Juniorsuite verf\u00fcgt \u00fcber ein Schlafzimmer und ein separates Wohnzimmer. Auf Wunsch kann eine kleine K\u00fcche (gegen Geb\u00fchr) genutzt werden. <br>Die Juniorsuite eignet sich besonders f\u00fcr einen l\u00e4ngeren Hotelaufenthalt. Zimmereigenschaften:<\/p>\n\n\n<ul><li><strong>Stil \/ Einrichtung<\/strong> : Modern<\/li><li><strong>Beds<\/strong> : Doppelbett 180 x 200 cm<\/li><li><strong>Ausgelegt f\u00fcr<\/strong> : 2 Erwachsene<\/li><li><strong>Zimmergr\u00f6\u00dfe<\/strong> : 60 m\u00b2<\/li><li><strong>Babybett m\u00f6glich<\/strong> : ja<\/li><li><strong>Bathrooms<\/strong> : begehbare Dusche, WC, F\u00f6n, Shampoo, Duschbad<\/li><li><strong>Haustiere erlaubt<\/strong> : Ja<\/li><li><strong>kostenfreies Wlan<\/strong><\/li><li><strong>kostenfreier Parkplatz<\/strong> <\/li><\/ul>\n\n\n<p><!--EndFragment--><strong data-rich-text-format-boundary=\"true\"> Dreibettzimmer<\/strong><br data-rich-text-line-break=\"true\">Das Dreibettzimmer bietet 45 m\u00b2 Zimmerfl\u00e4che. Hier ist Kunst keine Dekoration, sondern Konzept! In neuen, k\u00fcnstlerisch gestaltet und hochwertig ausgestatteten Zimmern mit Boxspringbetten wird Ihr Aufenthalt zu einem einzigARTigen Kunsterlebnis! Die dritte Person \u00fcbernachtet auf einer komfortablen Schlafcouch; teilweise in einem separaten Zimmer.<br>Zimmereigenschaften:<\/p>\n\n\n<ul><li><strong>Stil \/ Einrichtung<\/strong> : Modern<\/li><li><strong>Beds<\/strong> : Doppelbett 180 x 200 cm und Schlafcouch<\/li><li><strong>Ausgelegt f\u00fcr<\/strong> : 3 Personen<\/li><li><strong>Zimmergr\u00f6\u00dfe<\/strong> : 45 m\u00b2<\/li><li><strong>Babybett m\u00f6glich<\/strong> : ja<\/li><li><strong>Bathrooms<\/strong> : Dusche oder Badewanne, WC, F\u00f6n, Shampoo, Duschbad<\/li><li><strong>Haustiere erlaubt<\/strong> : Ja<\/li><li><strong>kostenfreies Wlan<\/strong><\/li><li><strong>kostenfreier Parkplatz<\/strong> <\/li><\/ul>\n\n\n<p><!--EndFragment--><strong data-rich-text-format-boundary=\"true\"> Vierbettzimmer<\/strong><br data-rich-text-line-break=\"true\">Das Vierbettzimmer bietet 60 m\u00b2 Zimmerfl\u00e4che mit zwei Schlafzimmern und einem Badezimmer. Sie haben die M\u00f6glichkeit zum Tee- und Kaffeekochen auf dem Zimmer. <br data-rich-text-line-break=\"true\">Zimmereigenschaften:<\/p>\n\n\n<ul><li><strong>Stil \/ Einrichtung<\/strong> : Modern<\/li><li><strong>Beds<\/strong> : 2x Doppelbett 180 x 200 cm oder 1x Doppelbett 180 x 200 cm &amp; 1 Schlafcouch<\/li><li><strong>Ausgelegt f\u00fcr<\/strong> : 4 Erwachsene<\/li><li><strong>Zimmergr\u00f6\u00dfe<\/strong> : 60 m\u00b2<\/li><li><strong>Babybett m\u00f6glich<\/strong> : ja<\/li><li><strong>Zustellbett m\u00f6glich<\/strong> : ja<\/li><li><strong>Zimmer mit Verbindungst\u00fcr<\/strong> : ja<\/li><li><strong>Bathrooms<\/strong> : Dusche, WC, F\u00f6n, Shampoo, Duschbad<\/li><li><strong>Haustiere erlaubt<\/strong> : Ja<\/li><li><strong>kostenfreies Wlan<\/strong><\/li><li><strong>kostenfreier Parkplatz<\/strong> <\/li><\/ul>\n\n\n\n<p><br><\/p>","protected":false},"excerpt":{"rendered":"<p>Ob Sie ein Einzelzimmer, ein Doppelzimmer, ein Doppelzimmer mit Twinbett, eine Juniorsuite, ein Dreibettzimmer oder ein Mehrbettzimmer f\u00fcr Familien suchen \u2013 im artHotel Bremen finden Sie alles, Kunst und Komfort &#8230; <\/p>\n<div class=\"text-center\"><a class=\"more-link\" href=\"https:\/\/www.design-apartments-bremen.de\/en\/rooms-i\/\">Mehr erfahren <i class=\"fa fa-angle-double-right\"><\/i><\/a><\/div>","protected":false},"author":1,"featured_media":0,"parent":0,"menu_order":0,"comment_status":"closed","ping_status":"closed","template":"templates\/template-room3.php","meta":[],"_links":{"self":[{"href":"https:\/\/www.design-apartments-bremen.de\/en\/wp-json\/wp\/v2\/pages\/32"}],"collection":[{"href":"https:\/\/www.design-apartments-bremen.de\/en\/wp-json\/wp\/v2\/pages"}],"about":[{"href":"https:\/\/www.design-apartments-bremen.de\/en\/wp-json\/wp\/v2\/types\/page"}],"author":[{"embeddable":true,"href":"https:\/\/www.design-apartments-bremen.de\/en\/wp-json\/wp\/v2\/users\/1"}],"replies":[{"embeddable":true,"href":"https:\/\/www.design-apartments-bremen.de\/en\/wp-json\/wp\/v2\/comments?post=32"}],"version-history":[{"count":24,"href":"https:\/\/www.design-apartments-bremen.de\/en\/wp-json\/wp\/v2\/pages\/32\/revisions"}],"predecessor-version":[{"id":733,"href":"https:\/\/www.design-apartments-bremen.de\/en\/wp-json\/wp\/v2\/pages\/32\/revisions\/733"}],"wp:attachment":[{"href":"https:\/\/www.design-apartments-bremen.de\/en\/wp-json\/wp\/v2\/media?parent=32"}],"curies":[{"name":"wp","href":"https:\/\/api.w.org\/{rel}","templated":true}]}}